{"id":229,"date":"2018-01-09T09:26:22","date_gmt":"2018-01-09T08:26:22","guid":{"rendered":"http:\/\/charlottetolo.fr\/?page_id=229"},"modified":"2025-10-19T18:02:12","modified_gmt":"2025-10-19T16:02:12","slug":"graines-de-massage","status":"publish","type":"page","link":"https:\/\/charlottetolo.fr\/?page_id=229","title":{"rendered":"Graines de Massage"},"content":{"rendered":"<p>[et_pb_section fb_built=\u00a0\u00bb1&Prime; fullwidth=\u00a0\u00bbon\u00a0\u00bb _builder_version=\u00a0\u00bb4.16&Prime; global_colors_info=\u00a0\u00bb{}\u00a0\u00bb][et_pb_fullwidth_slider _builder_version=\u00a0\u00bb4.16&Prime; custom_padding=\u00a0\u00bb||250px|\u00a0\u00bb box_shadow_style=\u00a0\u00bbpreset6&Prime; box_shadow_blur=\u00a0\u00bb10px\u00a0\u00bb box_shadow_color=\u00a0\u00bbrgba(0,0,0,0.1)\u00a0\u00bb global_colors_info=\u00a0\u00bb{}\u00a0\u00bb button_text_size__hover_enabled=\u00a0\u00bboff\u00a0\u00bb button_one_text_size__hover_enabled=\u00a0\u00bboff\u00a0\u00bb button_two_text_size__hover_enabled=\u00a0\u00bboff\u00a0\u00bb button_text_color__hover_enabled=\u00a0\u00bboff\u00a0\u00bb button_one_text_color__hover_enabled=\u00a0\u00bboff\u00a0\u00bb button_two_text_color__hover_enabled=\u00a0\u00bboff\u00a0\u00bb button_border_width__hover_enabled=\u00a0\u00bboff\u00a0\u00bb button_one_border_width__hover_enabled=\u00a0\u00bboff\u00a0\u00bb button_two_border_width__hover_enabled=\u00a0\u00bboff\u00a0\u00bb button_border_color__hover_enabled=\u00a0\u00bboff\u00a0\u00bb button_one_border_color__hover_enabled=\u00a0\u00bboff\u00a0\u00bb button_two_border_color__hover_enabled=\u00a0\u00bboff\u00a0\u00bb button_border_radius__hover_enabled=\u00a0\u00bboff\u00a0\u00bb button_one_border_radius__hover_enabled=\u00a0\u00bboff\u00a0\u00bb button_two_border_radius__hover_enabled=\u00a0\u00bboff\u00a0\u00bb button_letter_spacing__hover_enabled=\u00a0\u00bboff\u00a0\u00bb button_one_letter_spacing__hover_enabled=\u00a0\u00bboff\u00a0\u00bb button_two_letter_spacing__hover_enabled=\u00a0\u00bboff\u00a0\u00bb button_bg_color__hover_enabled=\u00a0\u00bboff\u00a0\u00bb button_one_bg_color__hover_enabled=\u00a0\u00bboff\u00a0\u00bb button_two_bg_color__hover_enabled=\u00a0\u00bboff\u00a0\u00bb][et_pb_slide use_bg_overlay=\u00a0\u00bboff\u00a0\u00bb use_text_overlay=\u00a0\u00bboff\u00a0\u00bb _builder_version=\u00a0\u00bb4.16&Prime; background_color=\u00a0\u00bb#ffffff\u00a0\u00bb background_image=\u00a0\u00bbhttps:\/\/charlottetolo.fr\/wp-content\/uploads\/2018\/01\/nid-bleu-2.jpg\u00a0\u00bb background_position=\u00a0\u00bbbottom_center\u00a0\u00bb global_colors_info=\u00a0\u00bb{}\u00a0\u00bb sticky_transition=\u00a0\u00bbon\u00a0\u00bb button_text_size__hover_enabled=\u00a0\u00bboff\u00a0\u00bb button_one_text_size__hover_enabled=\u00a0\u00bboff\u00a0\u00bb button_two_text_size__hover_enabled=\u00a0\u00bboff\u00a0\u00bb button_text_color__hover_enabled=\u00a0\u00bboff\u00a0\u00bb button_one_text_color__hover_enabled=\u00a0\u00bboff\u00a0\u00bb button_two_text_color__hover_enabled=\u00a0\u00bboff\u00a0\u00bb button_border_width__hover_enabled=\u00a0\u00bboff\u00a0\u00bb button_one_border_width__hover_enabled=\u00a0\u00bboff\u00a0\u00bb button_two_border_width__hover_enabled=\u00a0\u00bboff\u00a0\u00bb button_border_color__hover_enabled=\u00a0\u00bboff\u00a0\u00bb button_one_border_color__hover_enabled=\u00a0\u00bboff\u00a0\u00bb button_two_border_color__hover_enabled=\u00a0\u00bboff\u00a0\u00bb button_border_radius__hover_enabled=\u00a0\u00bboff\u00a0\u00bb button_one_border_radius__hover_enabled=\u00a0\u00bboff\u00a0\u00bb button_two_border_radius__hover_enabled=\u00a0\u00bboff\u00a0\u00bb button_letter_spacing__hover_enabled=\u00a0\u00bboff\u00a0\u00bb button_one_letter_spacing__hover_enabled=\u00a0\u00bboff\u00a0\u00bb button_two_letter_spacing__hover_enabled=\u00a0\u00bboff\u00a0\u00bb button_bg_color__hover_enabled=\u00a0\u00bboff\u00a0\u00bb button_one_bg_color__hover_enabled=\u00a0\u00bboff\u00a0\u00bb button_two_bg_color__hover_enabled=\u00a0\u00bboff\u00a0\u00bb][\/et_pb_slide][\/et_pb_fullwidth_slider][\/et_pb_section][et_pb_section fb_built=\u00a0\u00bb1&Prime; _builder_version=\u00a0\u00bb4.16&Prime; custom_margin=\u00a0\u00bb0px||0px|\u00a0\u00bb custom_padding=\u00a0\u00bb0px||0px|\u00a0\u00bb global_colors_info=\u00a0\u00bb{}\u00a0\u00bb][et_pb_row use_custom_gutter=\u00a0\u00bbon\u00a0\u00bb gutter_width=\u00a0\u00bb1&Prime; make_equal=\u00a0\u00bbon\u00a0\u00bb module_class=\u00a0\u00bb et_pb_row_fullwidth\u00a0\u00bb _builder_version=\u00a0\u00bb4.16&Prime; width=\u00a0\u00bb100%\u00a0\u00bb width_tablet=\u00a0\u00bb100%\u00a0\u00bb width_last_edited=\u00a0\u00bbon|desktop\u00a0\u00bb max_width=\u00a0\u00bb100%\u00a0\u00bb max_width_tablet=\u00a0\u00bb100%\u00a0\u00bb max_width_last_edited=\u00a0\u00bbon|desktop\u00a0\u00bb custom_margin=\u00a0\u00bb0px||0px|\u00a0\u00bb custom_padding=\u00a0\u00bb0px||0px|\u00a0\u00bb make_fullwidth=\u00a0\u00bbon\u00a0\u00bb global_colors_info=\u00a0\u00bb{}\u00a0\u00bb column_structure=\u00a0\u00bb1_2,1_2&Prime; width_phone=\u00a0\u00bb100%\u00a0\u00bb max_width_phone=\u00a0\u00bb100%\u00a0\u00bb][et_pb_column type=\u00a0\u00bb1_2&Prime; _builder_version=\u00a0\u00bb4.16&Prime; custom_padding=\u00a0\u00bb||0px|\u00a0\u00bb global_colors_info=\u00a0\u00bb{}\u00a0\u00bb custom_padding__hover=\u00a0\u00bb|||\u00a0\u00bb][et_pb_text _builder_version=\u00a0\u00bb4.16&Prime; header_font=\u00a0\u00bbComfortaa||||||||\u00a0\u00bb custom_padding=\u00a0\u00bb50px|50px|50px|50px\u00a0\u00bb global_colors_info=\u00a0\u00bb{}\u00a0\u00bb]<\/p>\n<h1>Le massage et <span style=\"color: #3366ff;\">Moi<\/span><\/h1>\n<p>Yogini, Clown et Danseuse, le corps est mon premier outil d\u2019expression et s\u2019affirme depuis longtemps comme un champ de recherche et de passion.<\/p>\n<p>Je me sens vivante et ressens du plaisir dans le toucher et le fait d&rsquo;\u00eatre en contact, de mani\u00e8re concr\u00e8te, simple, r\u00e9confortante parfois, pour \u00e9changer toujours, jouer souvent, danser, vivre !<\/p>\n<p>C&rsquo;est par la <em>danse contact<\/em> que je d\u00e9couvre et commence \u00e0 pratiquer le massage en 2011, depuis j&rsquo;ai multipli\u00e9 les exp\u00e9riences et les formations (voir <a href=\"?page_id=87\">ma bio<\/a>). Aujourd&rsquo;hui, je consid\u00e8re que le massage est un soin, profond et porteur de bonne sant\u00e9, au m\u00eame titre que l&rsquo;alimentation et le yoga !<\/p>\n<p>Il s&rsquo;agit d&rsquo;un \u00e9change, o\u00f9 le masseur et le mass\u00e9 s&rsquo;engagent dans une qu\u00eate de bien-\u00eatre ; et je me nourris particuli\u00e8rement de la symbolique des mains qui \u00e9manent de notre c\u0153ur&#8230;<br \/>\n[\/et_pb_text][\/et_pb_column][et_pb_column type=\u00a0\u00bb1_2&Prime; _builder_version=\u00a0\u00bb4.16&Prime; use_background_color_gradient=\u00a0\u00bbon\u00a0\u00bb background_color_gradient_direction=\u00a0\u00bb90deg\u00a0\u00bb background_color_gradient_stops=\u00a0\u00bb#ffffff 2%|rgba(41,196,169,0) 62%\u00a0\u00bb background_color_gradient_start=\u00a0\u00bb#ffffff\u00a0\u00bb background_color_gradient_start_position=\u00a0\u00bb2%\u00a0\u00bb background_color_gradient_end=\u00a0\u00bbrgba(41,196,169,0)\u00a0\u00bb background_color_gradient_end_position=\u00a0\u00bb62%\u00a0\u00bb background_image=\u00a0\u00bbhttps:\/\/charlottetolo.fr\/wp-content\/uploads\/2018\/01\/IMG-6451.jpg\u00a0\u00bb custom_padding=\u00a0\u00bb||0px|\u00a0\u00bb global_colors_info=\u00a0\u00bb{}\u00a0\u00bb custom_padding__hover=\u00a0\u00bb|||\u00a0\u00bb][\/et_pb_column][\/et_pb_row][et_pb_row use_custom_gutter=\u00a0\u00bbon\u00a0\u00bb gutter_width=\u00a0\u00bb1&Prime; make_equal=\u00a0\u00bbon\u00a0\u00bb module_class=\u00a0\u00bb et_pb_row_fullwidth\u00a0\u00bb _builder_version=\u00a0\u00bb4.16&Prime; width=\u00a0\u00bb100%\u00a0\u00bb width_tablet=\u00a0\u00bb100%\u00a0\u00bb width_last_edited=\u00a0\u00bbon|desktop\u00a0\u00bb max_width=\u00a0\u00bb100%\u00a0\u00bb max_width_tablet=\u00a0\u00bb100%\u00a0\u00bb max_width_last_edited=\u00a0\u00bbon|desktop\u00a0\u00bb custom_margin=\u00a0\u00bb0px||0px|\u00a0\u00bb custom_padding=\u00a0\u00bb0px||0px|\u00a0\u00bb make_fullwidth=\u00a0\u00bbon\u00a0\u00bb global_colors_info=\u00a0\u00bb{}\u00a0\u00bb column_structure=\u00a0\u00bb1_2,1_2&Prime; width_phone=\u00a0\u00bb100%\u00a0\u00bb max_width_phone=\u00a0\u00bb100%\u00a0\u00bb][et_pb_column type=\u00a0\u00bb1_2&Prime; _builder_version=\u00a0\u00bb4.16&Prime; background_image=\u00a0\u00bbhttps:\/\/charlottetolo.fr\/wp-content\/uploads\/2018\/01\/IMG-6373.jpg\u00a0\u00bb custom_padding=\u00a0\u00bb|||\u00a0\u00bb global_colors_info=\u00a0\u00bb{}\u00a0\u00bb custom_padding__hover=\u00a0\u00bb|||\u00a0\u00bb][\/et_pb_column][et_pb_column type=\u00a0\u00bb1_2&Prime; _builder_version=\u00a0\u00bb4.16&Prime; custom_padding=\u00a0\u00bb|||\u00a0\u00bb global_colors_info=\u00a0\u00bb{}\u00a0\u00bb custom_padding__hover=\u00a0\u00bb|||\u00a0\u00bb][et_pb_text _builder_version=\u00a0\u00bb4.16&Prime; header_font=\u00a0\u00bbComfortaa||||||||\u00a0\u00bb header_4_font=\u00a0\u00bbComfortaa||||||||\u00a0\u00bb custom_margin=\u00a0\u00bb|||\u00a0\u00bb custom_padding=\u00a0\u00bb50px|50px|50px|50px\u00a0\u00bb global_colors_info=\u00a0\u00bb{}\u00a0\u00bb]<\/p>\n<div>\n<div>\n<h1>Les massages et <span style=\"color: #3366ff;\">Toi<\/span><\/h1>\n<div><span class=\"m_3399381472977891099gmail-m_7055535985347499758gmail-m_-696441146383224875gmail-im\">Le massage est un voyage, une invitation au l\u00e2cher prise.<br \/>\n<\/span><\/div>\n<div><\/div>\n<div><span class=\"m_3399381472977891099gmail-m_7055535985347499758gmail-m_-696441146383224875gmail-im\">Recevoir un massage permet de\u00a0<\/span>ressentir son corps,\u00a0\u00e9vacuer les tensions, calmer le syst\u00e8me nerveux, et\u00a0atteindre ainsi une d\u00e9tente profonde.<\/div>\n<div><span style=\"color: #666666; font-family: Open Sans, Arial, sans-serif;\">\u00a0<\/span><\/div>\n<\/div>\n<\/div>\n<p>[\/et_pb_text][et_pb_blurb title=\u00a0\u00bbMassage Abhyanga\u00a0\u00bb use_icon=\u00a0\u00bbon\u00a0\u00bb font_icon=\u00a0\u00bb&#xe00a;||divi||400&Prime; icon_placement=\u00a0\u00bbleft\u00a0\u00bb _builder_version=\u00a0\u00bb4.16&Prime; global_colors_info=\u00a0\u00bb{}\u00a0\u00bb]Particuli\u00e8rement adapt\u00e9 aux personnes <strong>stress\u00e9es,<\/strong> ce massage apporte <strong>harmonie<\/strong>, <strong>calme<\/strong> et <strong>d\u00e9tente profonde.<\/strong><\/p>\n<p><div class='et-learn-more clearfix'>\n\t\t\t\t\t<h3 class='heading-more'>En savoir plus<span class='et_learnmore_arrow'><span><\/span><\/span><\/h3>\n\t\t\t\t\t<div class='learn-more-content'>Il s&rsquo;agit d&rsquo;un massage sur tout le corps, \u00e0 l&rsquo;huile chaude ; qui peut se pratiquer au sol ou sur une table de massage.<\/p>\n<p>Par l&rsquo;action des huiles adapt\u00e9es \u00e0 votre dosha dominant et au besoin celui en d\u00e9s\u00e9quilibre, ce massage est un soin, qui, par des manoeuvres circulaires, travaille au niveau du corps physique et des centres \u00e9nerg\u00e9tiques : les chakras.<\/p>\n<p>Ce massage a pour but de renforcer notre \u00e9nergie vitale et apporte une grande d\u00e9tente.<\/p>\n<p><a href=\"https:\/\/massage.ooreka.fr\/astuce\/voir\/441259\/massage-abhyanga\">https:\/\/massage.ooreka.fr\/astuce\/voir\/441259\/massage-abhyanga<\/a><\/div>\n\t\t\t\t<\/div><br \/>\n[\/et_pb_blurb][et_pb_blurb title=\u00a0\u00bbMassage traditionnel Thai\u00a0\u00bb use_icon=\u00a0\u00bbon\u00a0\u00bb font_icon=\u00a0\u00bb&#xe00a;||divi||400&Prime; icon_placement=\u00a0\u00bbleft\u00a0\u00bb _builder_version=\u00a0\u00bb4.16&Prime; custom_margin=\u00a0\u00bb50px|||\u00a0\u00bb global_colors_info=\u00a0\u00bb{}\u00a0\u00bb]Par un toucher <strong>appuy\u00e9<\/strong>, ce massage <strong>lib\u00e8re les tentions<\/strong> en <strong>profondeur<\/strong> et apporte une <strong>ouverture articulaire<\/strong>.<\/p>\n<div class='et-learn-more clearfix'>\n\t\t\t\t\t<h3 class='heading-more'>En savoir plus<span class='et_learnmore_arrow'><span><\/span><\/span><\/h3>\n\t\t\t\t\t<div class='learn-more-content'><p>Ce massage du corps entier se pratique habill\u00e9, au sol, sur tatamis de massage, dans une tenue souple.<\/p>\n<p>Il tire ses origines du Yoga Massage et s&rsquo;alimente de la M\u00e9decine Traditionnelle Chinoise.<\/p>\n<p><span style=\"color: #303030; font-family: Raleway, sans-serif;\">Par\u00a0<\/span>des manipulations, des\u00a0\u00e9tirements et\u00a0<span style=\"color: #303030; font-family: Raleway, sans-serif;\">des mouvements de pression sur les lignes des m\u00e9ridiens, ce massage, profond, vise \u00e0<\/span>\u00a0lib\u00e9rer les tensions et r\u00e9tablir la bonne circulation des \u00e9nergies dans tout le corps.<\/p>\n<p>J&rsquo;utilise mes pouces, mes coudes, mes genoux et mes pieds pour r\u00e9aliser les manipulations<\/p>\n<div><a href=\"https:\/\/massage.ooreka.fr\/comprendre\/massage-thailandais\" target=\"_blank\" rel=\"noopener noreferrer\" data-saferedirecturl=\"https:\/\/www.google.com\/url?hl=fr&amp;q=https:\/\/massage.ooreka.fr\/comprendre\/massage-thailandais&amp;source=gmail&amp;ust=1516176392090000&amp;usg=AFQjCNHe5Te0K4n9eWBtpNQjQWIz3lsRWQ\">https:\/\/massage.ooreka.fr\/comp<wbr \/>rendre\/massage-thailandais<\/a><span style=\"color: #333333; font-family: Calibri, Arial, Helvetica, sans-serif;\">\n<\/span><\/div><\/div>\n\t\t\t\t<\/div><br \/>\n[\/et_pb_blurb][et_pb_blurb title=\u00a0\u00bbYoga Massage\u00a0\u00bb use_icon=\u00a0\u00bbon\u00a0\u00bb font_icon=\u00a0\u00bb&#xe00a;||divi||400&Prime; icon_placement=\u00a0\u00bbleft\u00a0\u00bb _builder_version=\u00a0\u00bb4.16&Prime; custom_margin=\u00a0\u00bb50px|||\u00a0\u00bb global_colors_info=\u00a0\u00bb{}\u00a0\u00bb]Du <strong>d\u00e9butant<\/strong> au <strong>yogi confirm\u00e9<\/strong>, ce massage combine un <strong>toucher lib\u00e9rateur<\/strong> aux postures de yoga. <strong>Revitalise<\/strong> et <strong>assouplit<\/strong>.<\/p>\n<div class=\"et-learn-more clearfix\">\n<h3 class=\"heading-more\">En savoir plus<\/h3>\n<div class=\"learn-more-content\" style=\"visibility: visible; display: none;\">\n<p>A mi chemin entre une s\u00e9ance de yoga et de massage, ce massage se pratique au sol, sur un simple tapis de yoga.<\/p>\n<div>Ce massage d\u00e9bute allong\u00e9 sur le ventre et \u00e9volue vers des postures de yoga.<\/div>\n<div><\/div>\n<div>Par des manoeuvres de massage qui d\u00e9lie les tensions musculaires, des \u00e9tirements et des\u00a0manipulations, je place le mass\u00e9 dans des postures de yoga.<\/div>\n<div><\/div>\n<div>Ce massage permet de ressentir une grande d\u00e9tente musculaire, ainsi qu\u2019une agr\u00e9able sensation d\u2019ouverture articulaire.<\/div>\n<\/div>\n<\/div>\n<p>[\/et_pb_blurb][et_pb_blurb title=\u00a0\u00bbMassage Assis de la T\u00eate, Nuque, Epaules\u00a0\u00bb use_icon=\u00a0\u00bbon\u00a0\u00bb font_icon=\u00a0\u00bb&#xe00a;||divi||400&Prime; icon_placement=\u00a0\u00bbleft\u00a0\u00bb _builder_version=\u00a0\u00bb4.16&Prime; custom_margin=\u00a0\u00bb50px||50px|\u00a0\u00bb global_colors_info=\u00a0\u00bb{}\u00a0\u00bb]Favorise l&rsquo;attention et la <strong>concentration<\/strong>, un <strong>sommeil r\u00e9parateur<\/strong>, all\u00e8ge les <strong>migraines<\/strong> et maux de t\u00eate et <strong>ralentit la chute des cheveux<\/strong>.<\/p>\n<div class='et-learn-more clearfix'>\n\t\t\t\t\t<h3 class='heading-more'>En savoir plus<span class='et_learnmore_arrow'><span><\/span><\/span><\/h3>\n\t\t\t\t\t<div class='learn-more-content'><div>Ce massage, plus\u00a0court, a l&rsquo;avantage de pouvoir se pratiquer partout, assis, sur une chaise, un banc, au travail ou ailleurs.<\/div>\n<div>Il est particuli\u00e8rement adapt\u00e9 \u00e0 notre mode de vie occidental, ou nous passons du temps devant des ordinateurs et\/ou dans les transports.<\/div>\n<div><\/div>\n<div>Par le biais de man\u0153uvres dans le haut du dos, les \u00e9paules, la nuque, le visage et la t\u00eate, ce massage tr\u00e8s agr\u00e9able revitalise et all\u00e8ge l&rsquo;esprit. Du pur bonheur!<\/div><\/div>\n\t\t\t\t<\/div><br \/>\n[\/et_pb_blurb][\/et_pb_column][\/et_pb_row][et_pb_row use_custom_gutter=\u00a0\u00bbon\u00a0\u00bb gutter_width=\u00a0\u00bb1&Prime; make_equal=\u00a0\u00bbon\u00a0\u00bb module_class=\u00a0\u00bb et_pb_row_fullwidth\u00a0\u00bb _builder_version=\u00a0\u00bb4.16&Prime; width=\u00a0\u00bb100%\u00a0\u00bb width_tablet=\u00a0\u00bb100%\u00a0\u00bb width_last_edited=\u00a0\u00bbon|desktop\u00a0\u00bb max_width=\u00a0\u00bb100%\u00a0\u00bb max_width_tablet=\u00a0\u00bb100%\u00a0\u00bb max_width_last_edited=\u00a0\u00bbon|desktop\u00a0\u00bb custom_margin=\u00a0\u00bb0px||0px|\u00a0\u00bb custom_padding=\u00a0\u00bb0px||0px|\u00a0\u00bb make_fullwidth=\u00a0\u00bbon\u00a0\u00bb global_colors_info=\u00a0\u00bb{}\u00a0\u00bb column_structure=\u00a0\u00bb1_2,1_2&Prime; width_phone=\u00a0\u00bb100%\u00a0\u00bb max_width_phone=\u00a0\u00bb100%\u00a0\u00bb][et_pb_column type=\u00a0\u00bb1_2&Prime; _builder_version=\u00a0\u00bb4.16&Prime; custom_padding=\u00a0\u00bb||0px|\u00a0\u00bb global_colors_info=\u00a0\u00bb{}\u00a0\u00bb custom_padding__hover=\u00a0\u00bb|||\u00a0\u00bb][et_pb_text _builder_version=\u00a0\u00bb4.16&Prime; header_font=\u00a0\u00bbComfortaa||||||||\u00a0\u00bb custom_padding=\u00a0\u00bb50px|50px|50px|50px\u00a0\u00bb global_colors_info=\u00a0\u00bb{}\u00a0\u00bb]<\/p>\n<h1>Le massage et <span style=\"color: #3366ff;\">Nous<\/span><\/h1>\n<div><\/div>\n<div><\/div>\n<p>&nbsp;<\/p>\n<div>Le lieu : au Nid Bleu<br \/><a href=\"https:\/\/maps.google.com\/?q=1+rue+Stendhal,+Paris+20%C3%A8me&amp;entry=gmail&amp;source=g\">1 rue Stendhal, Paris 20\u00e8me<\/a><br \/>Proche m\u00e9tro Gambetta, Alexandre Dumas<\/div>\n<p>&nbsp;<\/p>\n<div>Contactez-moi pour connaitre mes disponibilit\u00e9s et prendre un RDV.<\/div>\n<p>&nbsp;<\/p>\n<div><\/div>\n<div><\/div>\n<div>Dur\u00e9e et Tarifs<\/div>\n<div><strong>Abhyanga<\/strong>, massage ayurv\u00e9dique \u00e0 l&rsquo;huile chaude &#8211; 1h10 &#8211; 75 euros<\/div>\n<div><\/div>\n<div><strong>Shiatsu : <\/strong>au sol, habill\u00e9 en tenue souple &#8211; 1h <strong>&#8211; <\/strong>60 euros<\/div>\n<div><strong>Massage Tha\u00ef<\/strong> &#8211; au sol, habill\u00e9 en tenue souple &#8211; 1h30 &#8211; 100 euros<\/div>\n<div><\/div>\n<div><strong>Yoga Massage<\/strong> &#8211; en tenue souple, 1h &#8211; 70 euros<\/div>\n<div><strong>\u00c9paules, Nuque, T\u00eate &#8211; 30\u00a0min &#8211; 30 euros<\/strong><\/div>\n<div><strong><\/strong><\/div>\n<div><\/div>\n<p>[\/et_pb_text][\/et_pb_column][et_pb_column type=\u00a0\u00bb1_2&Prime; _builder_version=\u00a0\u00bb4.16&Prime; use_background_color_gradient=\u00a0\u00bbon\u00a0\u00bb background_color_gradient_direction=\u00a0\u00bb90deg\u00a0\u00bb background_color_gradient_stops=\u00a0\u00bb#ffffff 2%|rgba(41,196,169,0) 62%\u00a0\u00bb background_color_gradient_start=\u00a0\u00bb#ffffff\u00a0\u00bb background_color_gradient_start_position=\u00a0\u00bb2%\u00a0\u00bb background_color_gradient_end=\u00a0\u00bbrgba(41,196,169,0)\u00a0\u00bb background_color_gradient_end_position=\u00a0\u00bb62%\u00a0\u00bb background_image=\u00a0\u00bbhttps:\/\/charlottetolo.fr\/wp-content\/uploads\/2018\/01\/IMG_1163.jpg\u00a0\u00bb custom_padding=\u00a0\u00bb||0px|\u00a0\u00bb global_colors_info=\u00a0\u00bb{}\u00a0\u00bb custom_padding__hover=\u00a0\u00bb|||\u00a0\u00bb][\/et_pb_column][\/et_pb_row][\/et_pb_section]<\/p>\n","protected":false},"excerpt":{"rendered":"<p>Le massage et Moi Yogini, Clown et Danseuse, le corps est mon premier outil d\u2019expression et s\u2019affirme depuis longtemps comme un champ de recherche et de passion. Je me sens vivante et ressens du plaisir dans le toucher et le fait d&rsquo;\u00eatre en contact, de mani\u00e8re concr\u00e8te, simple, r\u00e9confortante parfois, pour \u00e9changer toujours, jouer souvent, [&hellip;]<\/p>\n","protected":false},"author":1,"featured_media":0,"parent":0,"menu_order":2,"comment_status":"closed","ping_status":"closed","template":"","meta":{"_et_pb_use_builder":"on","_et_pb_old_content":"","_et_gb_content_width":""},"_links":{"self":[{"href":"https:\/\/charlottetolo.fr\/index.php?rest_route=\/wp\/v2\/pages\/229"}],"collection":[{"href":"https:\/\/charlottetolo.fr\/index.php?rest_route=\/wp\/v2\/pages"}],"about":[{"href":"https:\/\/charlottetolo.fr\/index.php?rest_route=\/wp\/v2\/types\/page"}],"author":[{"embeddable":true,"href":"https:\/\/charlottetolo.fr\/index.php?rest_route=\/wp\/v2\/users\/1"}],"replies":[{"embeddable":true,"href":"https:\/\/charlottetolo.fr\/index.php?rest_route=%2Fwp%2Fv2%2Fcomments&post=229"}],"version-history":[{"count":19,"href":"https:\/\/charlottetolo.fr\/index.php?rest_route=\/wp\/v2\/pages\/229\/revisions"}],"predecessor-version":[{"id":966,"href":"https:\/\/charlottetolo.fr\/index.php?rest_route=\/wp\/v2\/pages\/229\/revisions\/966"}],"wp:attachment":[{"href":"https:\/\/charlottetolo.fr\/index.php?rest_route=%2Fwp%2Fv2%2Fmedia&parent=229"}],"curies":[{"name":"wp","href":"https:\/\/api.w.org\/{rel}","templated":true}]}}